{"id":378,"date":"2021-02-11T09:33:31","date_gmt":"2021-02-11T08:33:31","guid":{"rendered":"https:\/\/dev.villadutempsretrouve.com\/le-concept\/"},"modified":"2025-02-05T13:53:59","modified_gmt":"2025-02-05T12:53:59","slug":"the-concept","status":"publish","type":"page","link":"https:\/\/villadutempsretrouve.com\/en\/the-concept\/","title":{"rendered":"The concept"},"content":{"rendered":"","protected":false},"excerpt":{"rendered":"","protected":false},"author":1,"featured_media":0,"parent":0,"menu_order":0,"comment_status":"closed","ping_status":"closed","template":"page-templates\/tpl-contenu-flexible.php","meta":{"_acf_changed":false,"footnotes":""},"class_list":["post-378","page","type-page","status-publish","hentry"],"acf":[],"yoast_head":"<!-- This site is optimized with the Yoast SEO plugin v27.3 - https:\/\/yoast.com\/product\/yoast-seo-wordpress\/ -->\n<title>The concept - La Villa du temps retrouv\u00e9<\/title>\n<meta name=\"robots\" content=\"index, follow, max-snippet:-1, max-image-preview:large, max-video-preview:-1\" \/>\n<link rel=\"canonical\" href=\"https:\/\/villadutempsretrouve.com\/en\/the-concept\/\" \/>\n<meta property=\"og:locale\" content=\"en_US\" \/>\n<meta property=\"og:type\" content=\"article\" \/>\n<meta property=\"og:title\" content=\"The concept - La Villa du temps retrouv\u00e9\" \/>\n<meta property=\"og:url\" content=\"https:\/\/villadutempsretrouve.com\/en\/the-concept\/\" \/>\n<meta property=\"og:site_name\" content=\"La Villa du temps retrouv\u00e9\" \/>\n<meta property=\"article:modified_time\" content=\"2025-02-05T12:53:59+00:00\" \/>\n<meta name=\"twitter:card\" content=\"summary_large_image\" \/>\n<script type=\"application\/ld+json\" class=\"yoast-schema-graph\">{\"@context\":\"https:\\\/\\\/schema.org\",\"@graph\":[{\"@type\":\"WebPage\",\"@id\":\"https:\\\/\\\/villadutempsretrouve.com\\\/en\\\/the-concept\\\/\",\"url\":\"https:\\\/\\\/villadutempsretrouve.com\\\/en\\\/the-concept\\\/\",\"name\":\"The concept - La Villa du temps retrouv\u00e9\",\"isPartOf\":{\"@id\":\"https:\\\/\\\/villadutempsretrouve.com\\\/#website\"},\"datePublished\":\"2021-02-11T08:33:31+00:00\",\"dateModified\":\"2025-02-05T12:53:59+00:00\",\"breadcrumb\":{\"@id\":\"https:\\\/\\\/villadutempsretrouve.com\\\/en\\\/the-concept\\\/#breadcrumb\"},\"inLanguage\":\"en-US\",\"potentialAction\":[{\"@type\":\"ReadAction\",\"target\":[\"https:\\\/\\\/villadutempsretrouve.com\\\/en\\\/the-concept\\\/\"]}]},{\"@type\":\"BreadcrumbList\",\"@id\":\"https:\\\/\\\/villadutempsretrouve.com\\\/en\\\/the-concept\\\/#breadcrumb\",\"itemListElement\":[{\"@type\":\"ListItem\",\"position\":1,\"name\":\"Accueil\",\"item\":\"https:\\\/\\\/villadutempsretrouve.com\\\/en\\\/\"},{\"@type\":\"ListItem\",\"position\":2,\"name\":\"The concept\"}]},{\"@type\":\"WebSite\",\"@id\":\"https:\\\/\\\/villadutempsretrouve.com\\\/#website\",\"url\":\"https:\\\/\\\/villadutempsretrouve.com\\\/\",\"name\":\"La Villa du temps retrouv\u00e9\",\"description\":\"Mus\u00e9e consacr\u00e9 aux cultures de la Belle Epoque \u00e0 Cabourg\",\"potentialAction\":[{\"@type\":\"SearchAction\",\"target\":{\"@type\":\"EntryPoint\",\"urlTemplate\":\"https:\\\/\\\/villadutempsretrouve.com\\\/?s={search_term_string}\"},\"query-input\":{\"@type\":\"PropertyValueSpecification\",\"valueRequired\":true,\"valueName\":\"search_term_string\"}}],\"inLanguage\":\"en-US\"}]}<\/script>\n<!-- \/ Yoast SEO plugin. -->","yoast_head_json":{"title":"The concept - La Villa du temps retrouv\u00e9","robots":{"index":"index","follow":"follow","max-snippet":"max-snippet:-1","max-image-preview":"max-image-preview:large","max-video-preview":"max-video-preview:-1"},"canonical":"https:\/\/villadutempsretrouve.com\/en\/the-concept\/","og_locale":"en_US","og_type":"article","og_title":"The concept - La Villa du temps retrouv\u00e9","og_url":"https:\/\/villadutempsretrouve.com\/en\/the-concept\/","og_site_name":"La Villa du temps retrouv\u00e9","article_modified_time":"2025-02-05T12:53:59+00:00","twitter_card":"summary_large_image","schema":{"@context":"https:\/\/schema.org","@graph":[{"@type":"WebPage","@id":"https:\/\/villadutempsretrouve.com\/en\/the-concept\/","url":"https:\/\/villadutempsretrouve.com\/en\/the-concept\/","name":"The concept - La Villa du temps retrouv\u00e9","isPartOf":{"@id":"https:\/\/villadutempsretrouve.com\/#website"},"datePublished":"2021-02-11T08:33:31+00:00","dateModified":"2025-02-05T12:53:59+00:00","breadcrumb":{"@id":"https:\/\/villadutempsretrouve.com\/en\/the-concept\/#breadcrumb"},"inLanguage":"en-US","potentialAction":[{"@type":"ReadAction","target":["https:\/\/villadutempsretrouve.com\/en\/the-concept\/"]}]},{"@type":"BreadcrumbList","@id":"https:\/\/villadutempsretrouve.com\/en\/the-concept\/#breadcrumb","itemListElement":[{"@type":"ListItem","position":1,"name":"Accueil","item":"https:\/\/villadutempsretrouve.com\/en\/"},{"@type":"ListItem","position":2,"name":"The concept"}]},{"@type":"WebSite","@id":"https:\/\/villadutempsretrouve.com\/#website","url":"https:\/\/villadutempsretrouve.com\/","name":"La Villa du temps retrouv\u00e9","description":"Mus\u00e9e consacr\u00e9 aux cultures de la Belle Epoque \u00e0 Cabourg","potentialAction":[{"@type":"SearchAction","target":{"@type":"EntryPoint","urlTemplate":"https:\/\/villadutempsretrouve.com\/?s={search_term_string}"},"query-input":{"@type":"PropertyValueSpecification","valueRequired":true,"valueName":"search_term_string"}}],"inLanguage":"en-US"}]}},"jetpack_sharing_enabled":true,"_links":{"self":[{"href":"https:\/\/villadutempsretrouve.com\/en\/wp-json\/wp\/v2\/pages\/378","targetHints":{"allow":["GET"]}}],"collection":[{"href":"https:\/\/villadutempsretrouve.com\/en\/wp-json\/wp\/v2\/pages"}],"about":[{"href":"https:\/\/villadutempsretrouve.com\/en\/wp-json\/wp\/v2\/types\/page"}],"author":[{"embeddable":true,"href":"https:\/\/villadutempsretrouve.com\/en\/wp-json\/wp\/v2\/users\/1"}],"replies":[{"embeddable":true,"href":"https:\/\/villadutempsretrouve.com\/en\/wp-json\/wp\/v2\/comments?post=378"}],"version-history":[{"count":18,"href":"https:\/\/villadutempsretrouve.com\/en\/wp-json\/wp\/v2\/pages\/378\/revisions"}],"predecessor-version":[{"id":4308,"href":"https:\/\/villadutempsretrouve.com\/en\/wp-json\/wp\/v2\/pages\/378\/revisions\/4308"}],"wp:attachment":[{"href":"https:\/\/villadutempsretrouve.com\/en\/wp-json\/wp\/v2\/media?parent=378"}],"curies":[{"name":"wp","href":"https:\/\/api.w.org\/{rel}","templated":true}]}}