{"id":2738,"date":"2022-01-20T14:31:18","date_gmt":"2022-01-20T13:31:18","guid":{"rendered":"https:\/\/villadutempsretrouve.com\/?page_id=2738"},"modified":"2026-02-04T10:29:49","modified_gmt":"2026-02-04T09:29:49","slug":"school","status":"publish","type":"page","link":"https:\/\/villadutempsretrouve.com\/en\/school\/","title":{"rendered":"Schools"},"content":{"rendered":"","protected":false},"excerpt":{"rendered":"","protected":false},"author":3,"featured_media":0,"parent":0,"menu_order":0,"comment_status":"closed","ping_status":"closed","template":"page-templates\/tpl-contenu-flexible.php","meta":{"_acf_changed":false,"footnotes":""},"class_list":["post-2738","page","type-page","status-publish","hentry"],"acf":[],"yoast_head":"<!-- This site is optimized with the Yoast SEO plugin v27.3 - https:\/\/yoast.com\/product\/yoast-seo-wordpress\/ -->\n<title>Schools - La Villa du temps retrouv\u00e9<\/title>\n<meta name=\"robots\" content=\"index, follow, max-snippet:-1, max-image-preview:large, max-video-preview:-1\" \/>\n<link rel=\"canonical\" href=\"https:\/\/villadutempsretrouve.com\/en\/school\/\" \/>\n<meta property=\"og:locale\" content=\"en_US\" \/>\n<meta property=\"og:type\" content=\"article\" \/>\n<meta property=\"og:title\" content=\"Schools - La Villa du temps retrouv\u00e9\" \/>\n<meta property=\"og:url\" content=\"https:\/\/villadutempsretrouve.com\/en\/school\/\" \/>\n<meta property=\"og:site_name\" content=\"La Villa du temps retrouv\u00e9\" \/>\n<meta property=\"article:modified_time\" content=\"2026-02-04T09:29:49+00:00\" \/>\n<meta name=\"twitter:card\" content=\"summary_large_image\" \/>\n<script type=\"application\/ld+json\" class=\"yoast-schema-graph\">{\"@context\":\"https:\\\/\\\/schema.org\",\"@graph\":[{\"@type\":\"WebPage\",\"@id\":\"https:\\\/\\\/villadutempsretrouve.com\\\/en\\\/school\\\/\",\"url\":\"https:\\\/\\\/villadutempsretrouve.com\\\/en\\\/school\\\/\",\"name\":\"Schools - La Villa du temps retrouv\u00e9\",\"isPartOf\":{\"@id\":\"https:\\\/\\\/villadutempsretrouve.com\\\/#website\"},\"datePublished\":\"2022-01-20T13:31:18+00:00\",\"dateModified\":\"2026-02-04T09:29:49+00:00\",\"breadcrumb\":{\"@id\":\"https:\\\/\\\/villadutempsretrouve.com\\\/en\\\/school\\\/#breadcrumb\"},\"inLanguage\":\"en-US\",\"potentialAction\":[{\"@type\":\"ReadAction\",\"target\":[\"https:\\\/\\\/villadutempsretrouve.com\\\/en\\\/school\\\/\"]}]},{\"@type\":\"BreadcrumbList\",\"@id\":\"https:\\\/\\\/villadutempsretrouve.com\\\/en\\\/school\\\/#breadcrumb\",\"itemListElement\":[{\"@type\":\"ListItem\",\"position\":1,\"name\":\"Accueil\",\"item\":\"https:\\\/\\\/villadutempsretrouve.com\\\/en\\\/\"},{\"@type\":\"ListItem\",\"position\":2,\"name\":\"Schools\"}]},{\"@type\":\"WebSite\",\"@id\":\"https:\\\/\\\/villadutempsretrouve.com\\\/#website\",\"url\":\"https:\\\/\\\/villadutempsretrouve.com\\\/\",\"name\":\"La Villa du temps retrouv\u00e9\",\"description\":\"Mus\u00e9e consacr\u00e9 aux cultures de la Belle Epoque \u00e0 Cabourg\",\"potentialAction\":[{\"@type\":\"SearchAction\",\"target\":{\"@type\":\"EntryPoint\",\"urlTemplate\":\"https:\\\/\\\/villadutempsretrouve.com\\\/?s={search_term_string}\"},\"query-input\":{\"@type\":\"PropertyValueSpecification\",\"valueRequired\":true,\"valueName\":\"search_term_string\"}}],\"inLanguage\":\"en-US\"}]}<\/script>\n<!-- \/ Yoast SEO plugin. -->","yoast_head_json":{"title":"Schools - La Villa du temps retrouv\u00e9","robots":{"index":"index","follow":"follow","max-snippet":"max-snippet:-1","max-image-preview":"max-image-preview:large","max-video-preview":"max-video-preview:-1"},"canonical":"https:\/\/villadutempsretrouve.com\/en\/school\/","og_locale":"en_US","og_type":"article","og_title":"Schools - La Villa du temps retrouv\u00e9","og_url":"https:\/\/villadutempsretrouve.com\/en\/school\/","og_site_name":"La Villa du temps retrouv\u00e9","article_modified_time":"2026-02-04T09:29:49+00:00","twitter_card":"summary_large_image","schema":{"@context":"https:\/\/schema.org","@graph":[{"@type":"WebPage","@id":"https:\/\/villadutempsretrouve.com\/en\/school\/","url":"https:\/\/villadutempsretrouve.com\/en\/school\/","name":"Schools - La Villa du temps retrouv\u00e9","isPartOf":{"@id":"https:\/\/villadutempsretrouve.com\/#website"},"datePublished":"2022-01-20T13:31:18+00:00","dateModified":"2026-02-04T09:29:49+00:00","breadcrumb":{"@id":"https:\/\/villadutempsretrouve.com\/en\/school\/#breadcrumb"},"inLanguage":"en-US","potentialAction":[{"@type":"ReadAction","target":["https:\/\/villadutempsretrouve.com\/en\/school\/"]}]},{"@type":"BreadcrumbList","@id":"https:\/\/villadutempsretrouve.com\/en\/school\/#breadcrumb","itemListElement":[{"@type":"ListItem","position":1,"name":"Accueil","item":"https:\/\/villadutempsretrouve.com\/en\/"},{"@type":"ListItem","position":2,"name":"Schools"}]},{"@type":"WebSite","@id":"https:\/\/villadutempsretrouve.com\/#website","url":"https:\/\/villadutempsretrouve.com\/","name":"La Villa du temps retrouv\u00e9","description":"Mus\u00e9e consacr\u00e9 aux cultures de la Belle Epoque \u00e0 Cabourg","potentialAction":[{"@type":"SearchAction","target":{"@type":"EntryPoint","urlTemplate":"https:\/\/villadutempsretrouve.com\/?s={search_term_string}"},"query-input":{"@type":"PropertyValueSpecification","valueRequired":true,"valueName":"search_term_string"}}],"inLanguage":"en-US"}]}},"jetpack_sharing_enabled":true,"_links":{"self":[{"href":"https:\/\/villadutempsretrouve.com\/en\/wp-json\/wp\/v2\/pages\/2738","targetHints":{"allow":["GET"]}}],"collection":[{"href":"https:\/\/villadutempsretrouve.com\/en\/wp-json\/wp\/v2\/pages"}],"about":[{"href":"https:\/\/villadutempsretrouve.com\/en\/wp-json\/wp\/v2\/types\/page"}],"author":[{"embeddable":true,"href":"https:\/\/villadutempsretrouve.com\/en\/wp-json\/wp\/v2\/users\/3"}],"replies":[{"embeddable":true,"href":"https:\/\/villadutempsretrouve.com\/en\/wp-json\/wp\/v2\/comments?post=2738"}],"version-history":[{"count":11,"href":"https:\/\/villadutempsretrouve.com\/en\/wp-json\/wp\/v2\/pages\/2738\/revisions"}],"predecessor-version":[{"id":6519,"href":"https:\/\/villadutempsretrouve.com\/en\/wp-json\/wp\/v2\/pages\/2738\/revisions\/6519"}],"wp:attachment":[{"href":"https:\/\/villadutempsretrouve.com\/en\/wp-json\/wp\/v2\/media?parent=2738"}],"curies":[{"name":"wp","href":"https:\/\/api.w.org\/{rel}","templated":true}]}}